{"id":9,"date":"2015-09-07T13:12:26","date_gmt":"2015-09-07T13:12:26","guid":{"rendered":"http:\/\/www.detmolderkirchen.de\/?page_id=9"},"modified":"2022-03-06T08:13:02","modified_gmt":"2022-03-06T08:13:02","slug":"kirchen","status":"publish","type":"page","link":"http:\/\/www.detmolderkirchen.de\/?page_id=9","title":{"rendered":"Kirchen"},"content":{"rendered":"<p><strong><a href=\"http:\/\/www.detmolderkirchen.de\/wp-content\/uploads\/2015\/11\/martin-luther-kirche-detmold.jpg\"><img decoding=\"async\" loading=\"lazy\" class=\"alignleft size-thumbnail wp-image-68\" src=\"http:\/\/www.detmolderkirchen.de\/wp-content\/uploads\/2015\/11\/martin-luther-kirche-detmold-150x150.jpg\" alt=\"martin-luther-kirche-detmold\" width=\"150\" height=\"150\" \/><\/a>Evangelisch-lutherische Kirchengemeinde Detmold<br \/>\n<\/strong><\/p>\n<p>Die Entwicklungsgeschichte der lutherischen Gemeinde und ihrer Kirchengeb\u00e4ude reicht weit in das 18. Jahrhundert zur\u00fcck. Johannette Wilhelmine, die Frau des evangelisch-reformierten Landgrafen Simon Henrich Adolph zur Lippe, bekam 1719 die Erlaubnis, ihren lutherischen Glauben auszu\u00fcben.<\/p>\n<p>Schon bald gen\u00fcgten die daf\u00fcr zugestandenen R\u00e4umlichkeiten im Schloss nicht mehr der zunehmenden Zahl von Lutheranern. In der Sch\u00fclerstra\u00dfe wurde eine kleine Kirche gebaut, die 150 Jahre lang dem lebendigen Gemeindeleben diente, bis 1895 die Entscheidung getroffen wurde, der stetig anwachsenden Gemeinde gerecht zu werden. 1898 konnte die im neugotischen Stil erbaute Kirche eingeweiht werden, die heute Martin-Luther-Kirche hei\u00dft und neben dem Gemeindehaus in der Sch\u00fclerstr. 14 steht. Nach dem 2. Weltkrieg kamen die Dreifaltigkeitskirche im Wittenberger Weg 2 und das Gemeindezentrum an der Emil-Peters-str. 15 hinzu.<\/p>\n<p>Kontaktdaten:<\/p>\n<p>Pfarrer Lars Kirchof<br \/>\nSch\u00fclerstr. 14<br \/>\n32756 Detmold<br \/>\n<a href=\"http:\/\/www.detmold-lutherisch.de\" target=\"_blank\">www.detmold-lutherisch.de<\/a><br \/>\n<a href=\"mailto:gemeindeamt@detmold-lutherisch.de\" target=\"_blank\">Mailadresse<\/a><br \/>\nTel.: 05231 23072<\/p>\n<hr \/>\n<p><a href=\"http:\/\/www.detmolderkirchen.de\/wp-content\/uploads\/2015\/09\/erl\u00f6serkirche-detmold.jpg\"><img decoding=\"async\" loading=\"lazy\" class=\"alignleft size-thumbnail wp-image-69\" src=\"http:\/\/www.detmolderkirchen.de\/wp-content\/uploads\/2015\/09\/erl\u00f6serkirche-detmold-150x150.jpg\" alt=\"erl\u00f6serkirche-detmold\" width=\"150\" height=\"150\" \/><\/a><strong>Evangelisch-reformierte Kirchengemeinde\u00a0<\/strong><\/p>\n<p>Wir sind eine volkskirchlich orientierte, evangelisch-reformierte Kirchengemeinde mit knapp 5000 Gemeindemitgliedern. Wir geh\u00f6ren zur Lippischen Landeskirche. Unser Gemeindebereich umfasst den \u00f6stlichen Innenstadtbereich bis Barkhausen im Norden und bis zum Horn-Bad Meinberger Ortsteil Schmedissen im Osten. Unsere Gottesdiensten finden vor allem in der Erl\u00f6serkirche am Markt und der Friedenskirche Remmighausen statt. Viele Gruppen, eine vielf\u00e4ltige Kirchenmusik, zwei Kindertagesst\u00e4tten, eine offene und projektorientierte Jugendarbeit sowie soziales Engagement z.B. in der Stadtteilarbeit Herberhausen und f\u00fcr Fl\u00fcchtlinge pr\u00e4gt unser Gemeindeleben.<\/p>\n<p>Kontaktdaten:<\/p>\n<p>Gemeindeb\u00fcro<br \/>\nMarktplatz 6,<br \/>\n32756 Detmold<br \/>\nPfarrer und weitere Ansprechpartner siehe Homepage<br \/>\n<a href=\"http:\/\/www.kirche-detmold.de%20\" target=\"_blank\">www.kirche-detmold.de\u00a0<\/a><br \/>\n<a href=\"mailto:gemeindebuero@kirche-detmold.de\" target=\"_blank\">Mailadresse<\/a><br \/>\nTel.: 05231\/938830<br \/>\nFax: 05231\/938835<\/p>\n<hr \/>\n<p><strong><a href=\"http:\/\/www.detmolderkirchen.de\/wp-content\/uploads\/2015\/09\/Detmold_-_FeG_-_Georgstra\u00dfe_15.jpg\"><img decoding=\"async\" loading=\"lazy\" class=\"alignleft size-thumbnail wp-image-70\" src=\"http:\/\/www.detmolderkirchen.de\/wp-content\/uploads\/2015\/09\/Detmold_-_FeG_-_Georgstra\u00dfe_15-150x150.jpg\" alt=\"Detmold_-_FeG_-_Georgstra\u00dfe_15\" width=\"150\" height=\"150\" \/><\/a>Freie evangelische Gemeinde Detmold Kd\u00f6R\u00a0<\/strong><\/p>\n<p>Wir sind eine kreative, offene und lebendige Gemeinde aller Generationen mit vielen Kindern und Jugendlichen. Wir wollen, unseren Glauben lebensnah und fr\u00f6hlich leben und so andere Menschen mit in die Gegenwart Gottes hinein nehmen, damit sie die Freiheit im Glauben erleben k\u00f6nnen. Wir wollen Menschen ein Zuhause geben, damit sie das Leben finden. Sei herzlich willkommen.<\/p>\n<p>Kontaktdaten:<\/p>\n<p>Freie evangelische Gemeinde Detmold<br \/>\nChristoph Vollmer<br \/>\nGeorgstra\u00dfe 15<br \/>\n<a href=\"http:\/\/www.detmold.feg.de\" target=\"_blank\">www.detmold.feg.de<\/a><br \/>\n<a href=\"mailto:kontakt@detmold.feg.de\" target=\"_blank\">Mailadresse<\/a><br \/>\nTel.: 05231\/3089695<\/p>\n<hr \/>\n<p><strong><a href=\"http:\/\/www.detmolderkirchen.de\/wp-content\/uploads\/2015\/11\/mosaik-figure@3x.png\"><img decoding=\"async\" loading=\"lazy\" class=\"alignleft size-thumbnail wp-image-129\" src=\"http:\/\/www.detmolderkirchen.de\/wp-content\/uploads\/2015\/11\/mosaik-figure@3x-150x150.png\" alt=\"mosaik-figure@3x\" width=\"150\" height=\"150\" srcset=\"http:\/\/www.detmolderkirchen.de\/wp-content\/uploads\/2015\/11\/mosaik-figure@3x-150x150.png 150w, http:\/\/www.detmolderkirchen.de\/wp-content\/uploads\/2015\/11\/mosaik-figure@3x.png 281w\" sizes=\"(max-width: 150px) 100vw, 150px\" \/><\/a>FeG Detmold mosaik.church<\/strong><\/p>\n<p>Wir sind eine junge Kirche, die erst 2011 in Detmold gegr\u00fcndet wurde und Mitglied im Bund der FEG Deutschland Kd\u00f6R. Unsere Mission sehen darin, Menschen in eine wachsende Beziehung zu Jesus zu f\u00fchren.\u00a0<a href=\"https:\/\/www.google.de\/maps\/place\/mosaik+e.V.\/@51.9545385,8.8477976,17z\/data=!3m1!4b1!4m2!3m1!1s0x417001f18ceaea61:0x3ad3468407e83364\" target=\"_blank\">Unsere Location, das mosaikforum,<\/a>\u00a0findest du leicht im Industriegebiet. Du wirst bei uns alle Altersgruppen vorfinden, insbesondere aber viele junge Familien. Alle weiteren Infos, den Veranstaltungskalender und vieles mehr, findest du auf unserer Homepage.<\/p>\n<p>Kontaktdaten:<\/p>\n<p>mosaik.forum<br \/>\njacob wiebe<br \/>\nniemeierstr. 9<br \/>\n32758 Detmold<br \/>\n<a href=\"http:\/\/www.mosaikchurch.com\" target=\"_blank\">www.mosaik.church<\/a><br \/>\n<a href=\"mailto:info@mosaikchurch.com\" target=\"_blank\">mailadresse<\/a><br \/>\ntel.: 05231 6111387<\/p>\n","protected":false},"excerpt":{"rendered":"<p>Evangelisch-lutherische Kirchengemeinde Detmold Die Entwicklungsgeschichte der lutherischen Gemeinde und ihrer Kirchengeb\u00e4ude reicht weit in das 18. Jahrhundert zur\u00fcck. Johannette Wilhelmine, die Frau des evangelisch-reformierten Landgrafen Simon Henrich Adolph zur Lippe, bekam 1719 die Erlaubnis, ihren lutherischen Glauben auszu\u00fcben. Schon bald gen\u00fcgten die daf\u00fcr zugestandenen R\u00e4umlichkeiten im Schloss nicht mehr der zunehmenden Zahl von Lutheranern. In [&hellip;]<\/p>\n","protected":false},"author":1,"featured_media":0,"parent":0,"menu_order":0,"comment_status":"closed","ping_status":"closed","template":"","meta":[],"_links":{"self":[{"href":"http:\/\/www.detmolderkirchen.de\/index.php?rest_route=\/wp\/v2\/pages\/9"}],"collection":[{"href":"http:\/\/www.detmolderkirchen.de\/index.php?rest_route=\/wp\/v2\/pages"}],"about":[{"href":"http:\/\/www.detmolderkirchen.de\/index.php?rest_route=\/wp\/v2\/types\/page"}],"author":[{"embeddable":true,"href":"http:\/\/www.detmolderkirchen.de\/index.php?rest_route=\/wp\/v2\/users\/1"}],"replies":[{"embeddable":true,"href":"http:\/\/www.detmolderkirchen.de\/index.php?rest_route=%2Fwp%2Fv2%2Fcomments&post=9"}],"version-history":[{"count":11,"href":"http:\/\/www.detmolderkirchen.de\/index.php?rest_route=\/wp\/v2\/pages\/9\/revisions"}],"predecessor-version":[{"id":164,"href":"http:\/\/www.detmolderkirchen.de\/index.php?rest_route=\/wp\/v2\/pages\/9\/revisions\/164"}],"wp:attachment":[{"href":"http:\/\/www.detmolderkirchen.de\/index.php?rest_route=%2Fwp%2Fv2%2Fmedia&parent=9"}],"curies":[{"name":"wp","href":"https:\/\/api.w.org\/{rel}","templated":true}]}}