{"id":77,"date":"2016-01-18T16:30:13","date_gmt":"2016-01-18T16:30:13","guid":{"rendered":"http:\/\/www.detmolderkirchen.de\/?page_id=77"},"modified":"2016-11-11T08:48:58","modified_gmt":"2016-11-11T08:48:58","slug":"evangelisch-freikirchliche-gemeinde-baptisten","status":"publish","type":"page","link":"http:\/\/www.detmolderkirchen.de\/?page_id=77","title":{"rendered":"Evangelisch-Freikirchliche Gemeinde (Baptisten)"},"content":{"rendered":"<p>Seit 1854 gab es die ersten Baptisten in Lippe-Detmold. Viele wanderten damals nach Amerika aus. Mit dem Zuzug der Vertriebenen aus Ostpreu\u00dfen jedoch wuchs die Gemeinde wieder an. Wir sind eine offene Gemeinde f\u00fcr alt &amp; jung. F\u00fcr alle Altersgruppen gibt es unter der Woche verschiedene Gruppenangebote. Doch am Sch\u00f6nsten ist es immer, wenn wir sonntags gemeinsam Gottesdienst feiern. Jeder ist herzlich willkommen! Unser Leitbild lautet: &#8222;Zur Ehre Gottes und zum Wohle der Menschen: Gott erfahren. Gemeinschaft leben. Gesellschaft gestalten.&#8220; Als Detmolder Ortsgemeinde geh\u00f6ren wir zum <a href=\"http:\/\/www.baptisten.de\" target=\"_blank\">Bund Evangelisch-Freikirchlicher Gemeinden in Deutschland<\/a> (BEFG)<\/p>\n<hr \/>\n<p><b>Kontaktdaten:<\/b><\/p>\n<p>Evangelisch-Freikirchliche Gemeinde Detmold<br \/>\nSiegfriedstra\u00dfe 71<br \/>\n32756 Detmold<br \/>\n<a class=\"moz-txt-link-abbreviated\" href=\"http:\/\/www.efg-detmold.de\/\" target=\"_blank\">www.efg-detmold.de<\/a><\/p>\n<p>Pastor Maik Berghaus<br \/>\n05231\/944990<br \/>\n<a href=\"mailto:m.berghaus@efg-detmold.de\u00a0\" target=\"_blank\">Mailadresse<\/a><\/p>\n","protected":false},"excerpt":{"rendered":"<p>Seit 1854 gab es die ersten Baptisten in Lippe-Detmold. Viele wanderten damals nach Amerika aus. Mit dem Zuzug der Vertriebenen aus Ostpreu\u00dfen jedoch wuchs die Gemeinde wieder an. Wir sind eine offene Gemeinde f\u00fcr alt &amp; jung. F\u00fcr alle Altersgruppen gibt es unter der Woche verschiedene Gruppenangebote. Doch am Sch\u00f6nsten ist es immer, wenn wir [&hellip;]<\/p>\n","protected":false},"author":1,"featured_media":0,"parent":9,"menu_order":0,"comment_status":"open","ping_status":"closed","template":"","meta":[],"_links":{"self":[{"href":"http:\/\/www.detmolderkirchen.de\/index.php?rest_route=\/wp\/v2\/pages\/77"}],"collection":[{"href":"http:\/\/www.detmolderkirchen.de\/index.php?rest_route=\/wp\/v2\/pages"}],"about":[{"href":"http:\/\/www.detmolderkirchen.de\/index.php?rest_route=\/wp\/v2\/types\/page"}],"author":[{"embeddable":true,"href":"http:\/\/www.detmolderkirchen.de\/index.php?rest_route=\/wp\/v2\/users\/1"}],"replies":[{"embeddable":true,"href":"http:\/\/www.detmolderkirchen.de\/index.php?rest_route=%2Fwp%2Fv2%2Fcomments&post=77"}],"version-history":[{"count":3,"href":"http:\/\/www.detmolderkirchen.de\/index.php?rest_route=\/wp\/v2\/pages\/77\/revisions"}],"predecessor-version":[{"id":94,"href":"http:\/\/www.detmolderkirchen.de\/index.php?rest_route=\/wp\/v2\/pages\/77\/revisions\/94"}],"up":[{"embeddable":true,"href":"http:\/\/www.detmolderkirchen.de\/index.php?rest_route=\/wp\/v2\/pages\/9"}],"wp:attachment":[{"href":"http:\/\/www.detmolderkirchen.de\/index.php?rest_route=%2Fwp%2Fv2%2Fmedia&parent=77"}],"curies":[{"name":"wp","href":"https:\/\/api.w.org\/{rel}","templated":true}]}}