{"id":75,"date":"2016-01-18T16:25:47","date_gmt":"2016-01-18T16:25:47","guid":{"rendered":"http:\/\/www.detmolderkirchen.de\/?page_id=75"},"modified":"2016-01-18T16:25:47","modified_gmt":"2016-01-18T16:25:47","slug":"landeskirchliche-gemeinschaft-detmold","status":"publish","type":"page","link":"http:\/\/www.detmolderkirchen.de\/?page_id=75","title":{"rendered":"Landeskirchliche Gemeinschaft Detmold"},"content":{"rendered":"<div class=\"page\" title=\"Page 1\">\n<div class=\"layoutArea\">\n<div class=\"column\">\n<p>Menschen sehnen sich in einer Zeit, wo Strukturen, Planung und geregelte Abl\u00e4ufe ihnen nicht nur im Beruf, sondern auch verst\u00e4rkt in der Kirchengemeinde begegnen, nach Orten der Ruhe und des einfachen Austausches. Menschen, die eine geistliche Gemeinschaft aufsuchen, wollen nicht in erster Linie unterhalten werden, sondern auf Menschen treffen, die ihnen zuh\u00f6ren und mit denen sie sich \u00fcber elementare Lebensfragen auf Grundlage der Bibel austauschen k\u00f6nnen. Genau so ein Ort der Geborgenheit und Teilnahme ist die Landeskirchliche Gemeinschaft in Detmold.<\/p>\n<hr \/>\n<div class=\"page\" title=\"Page 1\">\n<div class=\"layoutArea\">\n<div class=\"column\">\n<p>Landeskirchliche Gemeinschaft Detmold Moltkestr. 41<br \/>\n32758 Detmold<\/p>\n<p>Ronny Fehler\/ 1.Vorsitzender<br \/>\nVitali Bergen\/ Gemeindereferent<br \/>\n<a href=\"www.lkg-detmold.de\" target=\"_blank\">www.lkg-detmold.de<\/a><br \/>\n<a href=\"mailto:v.bergen@lipp-gemeinschaftsbund.de\" target=\"_blank\">Mailadresse<\/a><br \/>\nTel: 05231\/9627233<\/p>\n<\/div>\n<\/div>\n<\/div>\n<\/div>\n<\/div>\n<\/div>\n","protected":false},"excerpt":{"rendered":"<p>Menschen sehnen sich in einer Zeit, wo Strukturen, Planung und geregelte Abl\u00e4ufe ihnen nicht nur im Beruf, sondern auch verst\u00e4rkt in der Kirchengemeinde begegnen, nach Orten der Ruhe und des einfachen Austausches. Menschen, die eine geistliche Gemeinschaft aufsuchen, wollen nicht in erster Linie unterhalten werden, sondern auf Menschen treffen, die ihnen zuh\u00f6ren und mit denen [&hellip;]<\/p>\n","protected":false},"author":1,"featured_media":0,"parent":9,"menu_order":0,"comment_status":"open","ping_status":"closed","template":"","meta":[],"_links":{"self":[{"href":"http:\/\/www.detmolderkirchen.de\/index.php?rest_route=\/wp\/v2\/pages\/75"}],"collection":[{"href":"http:\/\/www.detmolderkirchen.de\/index.php?rest_route=\/wp\/v2\/pages"}],"about":[{"href":"http:\/\/www.detmolderkirchen.de\/index.php?rest_route=\/wp\/v2\/types\/page"}],"author":[{"embeddable":true,"href":"http:\/\/www.detmolderkirchen.de\/index.php?rest_route=\/wp\/v2\/users\/1"}],"replies":[{"embeddable":true,"href":"http:\/\/www.detmolderkirchen.de\/index.php?rest_route=%2Fwp%2Fv2%2Fcomments&post=75"}],"version-history":[{"count":1,"href":"http:\/\/www.detmolderkirchen.de\/index.php?rest_route=\/wp\/v2\/pages\/75\/revisions"}],"predecessor-version":[{"id":76,"href":"http:\/\/www.detmolderkirchen.de\/index.php?rest_route=\/wp\/v2\/pages\/75\/revisions\/76"}],"up":[{"embeddable":true,"href":"http:\/\/www.detmolderkirchen.de\/index.php?rest_route=\/wp\/v2\/pages\/9"}],"wp:attachment":[{"href":"http:\/\/www.detmolderkirchen.de\/index.php?rest_route=%2Fwp%2Fv2%2Fmedia&parent=75"}],"curies":[{"name":"wp","href":"https:\/\/api.w.org\/{rel}","templated":true}]}}