{"id":63,"date":"2015-11-16T16:00:46","date_gmt":"2015-11-16T16:00:46","guid":{"rendered":"http:\/\/www.detmolderkirchen.de\/?page_id=63"},"modified":"2015-11-16T16:12:51","modified_gmt":"2015-11-16T16:12:51","slug":"evangelisch-reformierte-kirchengemeinde-detmold-ost","status":"publish","type":"page","link":"http:\/\/www.detmolderkirchen.de\/?page_id=63","title":{"rendered":"Evangelisch-reformierte Kirchengemeinde"},"content":{"rendered":"<p>Wir sind eine volkskirchlich orientierte, evangelisch-reformierte Kirchengemeinde mit knapp 5000 Gemeindemitgliedern. Wir geh\u00f6ren zur Lippischen Landeskirche. Unser Gemeindebereich umfasst den \u00f6stlichen Innenstadtbereich bis Barkhausen im Norden und bis zum Horn-Bad Meinberger Ortsteil Schmedissen im Osten. Unsere Gottesdiensten finden vor allem in der Erl\u00f6serkirche am Markt und der Friedenskirche Remmighausen statt. Viele Gruppen, eine vielf\u00e4ltige Kirchenmusik, zwei Kindertagesst\u00e4tten, eine offene und projektorientierte Jugendarbeit sowie soziales Engagement z.B. in der Stadtteilarbeit Herberhausen und f\u00fcr Fl\u00fcchtlinge pr\u00e4gt unser Gemeindeleben.\u00a0Unsere Standorte:<\/p>\n<ul>\n<li>Erl\u00f6serkirche und Gemeindehaus am Markt, Marktplatz 6 Friedenskirche<\/li>\n<li>Remmighausen mit Gemeindehaus, Hornsche Str. 267<\/li>\n<li>Gemeindehaus Talstra\u00dfe 2<\/li>\n<li>Haus der Kirche Herberhausen, Gut Herberhausen 3<\/li>\n<\/ul>\n<hr \/>\n<p>Kontaktdaten:<\/p>\n<p>Gemeindeb\u00fcro<br \/>\nMarktplatz 6,<br \/>\n32756 Detmold<br \/>\nPfarrer und weitere Ansprechpartner siehe Homepage<br \/>\n<a href=\"www.kirche-detmold.de%20\" target=\"_blank\">www.kirche-detmold.de <\/a><br \/>\n<a href=\"mailto:gemeindebuero@kirche-detmold.de\" target=\"_blank\">Mailadresse<\/a><br \/>\nTel.: 05231\/938830<br \/>\nFax: 05231\/938835<\/p>\n","protected":false},"excerpt":{"rendered":"<p>Wir sind eine volkskirchlich orientierte, evangelisch-reformierte Kirchengemeinde mit knapp 5000 Gemeindemitgliedern. Wir geh\u00f6ren zur Lippischen Landeskirche. Unser Gemeindebereich umfasst den \u00f6stlichen Innenstadtbereich bis Barkhausen im Norden und bis zum Horn-Bad Meinberger Ortsteil Schmedissen im Osten. Unsere Gottesdiensten finden vor allem in der Erl\u00f6serkirche am Markt und der Friedenskirche Remmighausen statt. Viele Gruppen, eine vielf\u00e4ltige Kirchenmusik, [&hellip;]<\/p>\n","protected":false},"author":1,"featured_media":0,"parent":9,"menu_order":0,"comment_status":"open","ping_status":"closed","template":"","meta":[],"_links":{"self":[{"href":"http:\/\/www.detmolderkirchen.de\/index.php?rest_route=\/wp\/v2\/pages\/63"}],"collection":[{"href":"http:\/\/www.detmolderkirchen.de\/index.php?rest_route=\/wp\/v2\/pages"}],"about":[{"href":"http:\/\/www.detmolderkirchen.de\/index.php?rest_route=\/wp\/v2\/types\/page"}],"author":[{"embeddable":true,"href":"http:\/\/www.detmolderkirchen.de\/index.php?rest_route=\/wp\/v2\/users\/1"}],"replies":[{"embeddable":true,"href":"http:\/\/www.detmolderkirchen.de\/index.php?rest_route=%2Fwp%2Fv2%2Fcomments&post=63"}],"version-history":[{"count":3,"href":"http:\/\/www.detmolderkirchen.de\/index.php?rest_route=\/wp\/v2\/pages\/63\/revisions"}],"predecessor-version":[{"id":66,"href":"http:\/\/www.detmolderkirchen.de\/index.php?rest_route=\/wp\/v2\/pages\/63\/revisions\/66"}],"up":[{"embeddable":true,"href":"http:\/\/www.detmolderkirchen.de\/index.php?rest_route=\/wp\/v2\/pages\/9"}],"wp:attachment":[{"href":"http:\/\/www.detmolderkirchen.de\/index.php?rest_route=%2Fwp%2Fv2%2Fmedia&parent=63"}],"curies":[{"name":"wp","href":"https:\/\/api.w.org\/{rel}","templated":true}]}}