{"id":6,"date":"2015-09-07T13:03:35","date_gmt":"2015-09-07T13:03:35","guid":{"rendered":"http:\/\/www.detmolderkirchen.de\/?page_id=6"},"modified":"2021-02-02T09:05:08","modified_gmt":"2021-02-02T09:05:08","slug":"stadtkonvent","status":"publish","type":"page","link":"http:\/\/www.detmolderkirchen.de\/?page_id=6","title":{"rendered":"Stadtkonvent"},"content":{"rendered":"<p><strong>W<img decoding=\"async\" loading=\"lazy\" class=\"alignleft wp-image-144 size-medium\" src=\"http:\/\/www.detmolderkirchen.de\/wp-content\/uploads\/2015\/09\/G\u00fcnter-Loos-300x238.jpg\" alt=\"G\u00fcnter Loos\" width=\"300\" height=\"238\" srcset=\"http:\/\/www.detmolderkirchen.de\/wp-content\/uploads\/2015\/09\/G\u00fcnter-Loos-300x238.jpg 300w, http:\/\/www.detmolderkirchen.de\/wp-content\/uploads\/2015\/09\/G\u00fcnter-Loos-1024x814.jpg 1024w\" sizes=\"(max-width: 300px) 100vw, 300px\" \/>as ist der Stadtkovent?<\/strong><\/p>\n<p>Im Stadtkonvent treffen sich die Pfarrerinnen, Pfarrer, Pastorinnen und Pastoren und Gemeindeleitende der Gemeinden aus dem Stadtgebiet. Gemeinsame \u00f6kumenische Veranstaltungen und Projekte werden vorbereitet und abgestimmt. In l\u00e4ngerer Tradition werden\u00a0 Passionsandachten, Andachten in der Kappellenschule des Freilichtmuseums und Einschulungsgottesdienste vorbereitet und durchgef\u00fchrt, sowie \u00f6kumenische Gottesdienste zu unterschiedlichen Anl\u00e4ssen. Dar\u00fcber hinaus werden Infos und Termine aus den Gemeinden ausgetauscht, sowie tagespolitische und theologische Fragestellungen besprochen.<\/p>\n<p>\u201cBesonders sch\u00e4tze ich den geschwisterlichen Umgang und die herzliche Verbundenheit in der Kollegenschaft. Durch das gute \u00f6kumenische Miteinander geben die Detmolder Gemeinden ein glaubw\u00fcrdiges Zeugnis f\u00fcr das Evangelium Jesu. Dieses Zusammenwirken der verschiedenen Konfessionen und Denominationen wird durch die Zusammenarbeit im Stadtkonvent gef\u00f6rdert. Dabei lernen wir voneinander in der W\u00fcrdigung konfessioneller und denominationeller Besonderheiten und sind gemeinsam auf dem Weg, die Relevanz der christlichen Botschaft f\u00fcr Kultur und Gesellschaft auszugestalten.\u201d<\/p>\n<p>Pastor G\u00fcnter Loos, Vorsitzender.<\/p>\n","protected":false},"excerpt":{"rendered":"<p>Was ist der Stadtkovent? Im Stadtkonvent treffen sich die Pfarrerinnen, Pfarrer, Pastorinnen und Pastoren und Gemeindeleitende der Gemeinden aus dem Stadtgebiet. Gemeinsame \u00f6kumenische Veranstaltungen und Projekte werden vorbereitet und abgestimmt. In l\u00e4ngerer Tradition werden\u00a0 Passionsandachten, Andachten in der Kappellenschule des Freilichtmuseums und Einschulungsgottesdienste vorbereitet und durchgef\u00fchrt, sowie \u00f6kumenische Gottesdienste zu unterschiedlichen Anl\u00e4ssen. Dar\u00fcber hinaus werden [&hellip;]<\/p>\n","protected":false},"author":1,"featured_media":0,"parent":0,"menu_order":0,"comment_status":"open","ping_status":"open","template":"","meta":[],"_links":{"self":[{"href":"http:\/\/www.detmolderkirchen.de\/index.php?rest_route=\/wp\/v2\/pages\/6"}],"collection":[{"href":"http:\/\/www.detmolderkirchen.de\/index.php?rest_route=\/wp\/v2\/pages"}],"about":[{"href":"http:\/\/www.detmolderkirchen.de\/index.php?rest_route=\/wp\/v2\/types\/page"}],"author":[{"embeddable":true,"href":"http:\/\/www.detmolderkirchen.de\/index.php?rest_route=\/wp\/v2\/users\/1"}],"replies":[{"embeddable":true,"href":"http:\/\/www.detmolderkirchen.de\/index.php?rest_route=%2Fwp%2Fv2%2Fcomments&post=6"}],"version-history":[{"count":15,"href":"http:\/\/www.detmolderkirchen.de\/index.php?rest_route=\/wp\/v2\/pages\/6\/revisions"}],"predecessor-version":[{"id":147,"href":"http:\/\/www.detmolderkirchen.de\/index.php?rest_route=\/wp\/v2\/pages\/6\/revisions\/147"}],"wp:attachment":[{"href":"http:\/\/www.detmolderkirchen.de\/index.php?rest_route=%2Fwp%2Fv2%2Fmedia&parent=6"}],"curies":[{"name":"wp","href":"https:\/\/api.w.org\/{rel}","templated":true}]}}