{"id":58,"date":"2015-11-16T15:49:15","date_gmt":"2015-11-16T15:49:15","guid":{"rendered":"http:\/\/www.detmolderkirchen.de\/?page_id=58"},"modified":"2015-11-16T15:49:15","modified_gmt":"2015-11-16T15:49:15","slug":"evangelisch-lutherische-kirchengemeinde-detmold","status":"publish","type":"page","link":"http:\/\/www.detmolderkirchen.de\/?page_id=58","title":{"rendered":"Evangelisch-lutherische Kirchengemeinde Detmold"},"content":{"rendered":"<p>Die Entwicklungsgeschichte der lutherischen Gemeinde und ihrer Kirchengeb\u00e4ude reicht weit in das 18. Jahrhundert zur\u00fcck. Johannette Wilhelmine, die Frau des evangelisch-reformierten Landgrafen Simon Henrich Adolph zur Lippe, bekam 1719 die Erlaubnis, ihren lutherischen Glauben auszu\u00fcben.<\/p>\n<p>Schon bald gen\u00fcgten die daf\u00fcr zugestandenen R\u00e4umlichkeiten im Schloss nicht mehr der zunehmenden Zahl von Lutheranern. In der Sch\u00fclerstra\u00dfe wurde eine kleine Kirche gebaut, die 150 Jahre lang dem lebendigen Gemeindeleben diente, bis 1895 die Entscheidung getroffen wurde, der stetig anwachsenden Gemeinde gerecht zu werden. 1898 konnte die im neugotischen Stil erbaute Kirche eingeweiht werden, die heute Martin-Luther-Kirche hei\u00dft und neben dem Gemeindehaus in der Sch\u00fclerstr. 14 steht. Nach dem 2. Weltkrieg kamen die Dreifaltigkeitskirche im Wittenberger Weg 2 und das Gemeindezentrum an der Emil-Peters-str. 15 hinzu.<\/p>\n<hr \/>\n<p>Kontaktdaten:<\/p>\n<p>Pfarrer Lars Kirchof<br \/>\nSch\u00fclerstr. 14<br \/>\n32756 Detmold<br \/>\n<a href=\"www.detmold-lutherisch.de\" target=\"_blank\">www.detmold-lutherisch.de<\/a><br \/>\n<a href=\"mailto:gemeindeamt@detmold-lutherisch.de\" target=\"_blank\">Mailadresse<br \/>\n<\/a>Tel.: 05231 23072<a href=\"mailto:gemeindeamt@detmold-lutherisch.de\" target=\"_blank\"><br \/>\n<\/a><\/p>\n","protected":false},"excerpt":{"rendered":"<p>Die Entwicklungsgeschichte der lutherischen Gemeinde und ihrer Kirchengeb\u00e4ude reicht weit in das 18. Jahrhundert zur\u00fcck. Johannette Wilhelmine, die Frau des evangelisch-reformierten Landgrafen Simon Henrich Adolph zur Lippe, bekam 1719 die Erlaubnis, ihren lutherischen Glauben auszu\u00fcben. Schon bald gen\u00fcgten die daf\u00fcr zugestandenen R\u00e4umlichkeiten im Schloss nicht mehr der zunehmenden Zahl von Lutheranern. In der Sch\u00fclerstra\u00dfe wurde [&hellip;]<\/p>\n","protected":false},"author":1,"featured_media":0,"parent":9,"menu_order":0,"comment_status":"open","ping_status":"closed","template":"","meta":[],"_links":{"self":[{"href":"http:\/\/www.detmolderkirchen.de\/index.php?rest_route=\/wp\/v2\/pages\/58"}],"collection":[{"href":"http:\/\/www.detmolderkirchen.de\/index.php?rest_route=\/wp\/v2\/pages"}],"about":[{"href":"http:\/\/www.detmolderkirchen.de\/index.php?rest_route=\/wp\/v2\/types\/page"}],"author":[{"embeddable":true,"href":"http:\/\/www.detmolderkirchen.de\/index.php?rest_route=\/wp\/v2\/users\/1"}],"replies":[{"embeddable":true,"href":"http:\/\/www.detmolderkirchen.de\/index.php?rest_route=%2Fwp%2Fv2%2Fcomments&post=58"}],"version-history":[{"count":1,"href":"http:\/\/www.detmolderkirchen.de\/index.php?rest_route=\/wp\/v2\/pages\/58\/revisions"}],"predecessor-version":[{"id":59,"href":"http:\/\/www.detmolderkirchen.de\/index.php?rest_route=\/wp\/v2\/pages\/58\/revisions\/59"}],"up":[{"embeddable":true,"href":"http:\/\/www.detmolderkirchen.de\/index.php?rest_route=\/wp\/v2\/pages\/9"}],"wp:attachment":[{"href":"http:\/\/www.detmolderkirchen.de\/index.php?rest_route=%2Fwp%2Fv2%2Fmedia&parent=58"}],"curies":[{"name":"wp","href":"https:\/\/api.w.org\/{rel}","templated":true}]}}