{"id":52,"date":"2015-11-12T10:54:21","date_gmt":"2015-11-12T10:54:21","guid":{"rendered":"http:\/\/www.detmolderkirchen.de\/?page_id=52"},"modified":"2024-11-05T08:53:01","modified_gmt":"2024-11-05T08:53:01","slug":"mosaikchurch","status":"publish","type":"page","link":"http:\/\/www.detmolderkirchen.de\/?page_id=52","title":{"rendered":"FeG Detmold mosaik.church"},"content":{"rendered":"<p><a href=\"http:\/\/www.detmolderkirchen.de\/wp-content\/uploads\/2015\/11\/mosaik-figure@3x.png\"><img decoding=\"async\" loading=\"lazy\" class=\"alignleft size-thumbnail wp-image-129\" src=\"http:\/\/www.detmolderkirchen.de\/wp-content\/uploads\/2015\/11\/mosaik-figure@3x-150x150.png\" alt=\"mosaik-figure@3x\" width=\"150\" height=\"150\" srcset=\"http:\/\/www.detmolderkirchen.de\/wp-content\/uploads\/2015\/11\/mosaik-figure@3x-150x150.png 150w, http:\/\/www.detmolderkirchen.de\/wp-content\/uploads\/2015\/11\/mosaik-figure@3x.png 281w\" sizes=\"(max-width: 150px) 100vw, 150px\" \/><\/a>Wir sind eine junge Kirche, die erst 2011 in Detmold gegr\u00fcndet wurde. Wir sind Mitglied des Bundes der FEG in Deutschland Kd\u00f6R. Unsere Mission sehen wir darin, Menschen in eine wachsende Beziehung zu Jesus zu f\u00fchren. <a href=\"https:\/\/www.google.de\/maps\/place\/mosaik+e.V.\/@51.9545385,8.8477976,17z\/data=!3m1!4b1!4m2!3m1!1s0x417001f18ceaea61:0x3ad3468407e83364\" target=\"_blank\" rel=\"noopener\">Unsere Location, das mosaik.forum,<\/a> findest du leicht im Industriegebiet. Du wirst bei uns alle Altersgruppen vorfinden, insbesondere aber viele junge Familien. Alle weiteren Infos, den Veranstaltungskalender und vieles mehr, findest du auf unserer Homepage.<\/p>\n<hr \/>\n<p>Kontaktdaten:<\/p>\n<p>mosaik.forum<br \/>\njacob wiebe<br \/>\nniemeierstr. 9<br \/>\n32758 detmold<br \/>\n<a href=\"http:\/\/mosaik.church\" target=\"_blank\" rel=\"noopener\">www.mosaik.church<\/a><br \/>\n<a href=\"mailto:info@mosaik.church\" target=\"_blank\" rel=\"noopener\" data-wplink-edit=\"true\">mailadresse<\/a><\/p>\n","protected":false},"excerpt":{"rendered":"<p>Wir sind eine junge Kirche, die erst 2011 in Detmold gegr\u00fcndet wurde. Wir sind Mitglied des Bundes der FEG in Deutschland Kd\u00f6R. Unsere Mission sehen wir darin, Menschen in eine wachsende Beziehung zu Jesus zu f\u00fchren. Unsere Location, das mosaik.forum, findest du leicht im Industriegebiet. Du wirst bei uns alle Altersgruppen vorfinden, insbesondere aber viele [&hellip;]<\/p>\n","protected":false},"author":1,"featured_media":0,"parent":9,"menu_order":0,"comment_status":"open","ping_status":"closed","template":"","meta":[],"_links":{"self":[{"href":"http:\/\/www.detmolderkirchen.de\/index.php?rest_route=\/wp\/v2\/pages\/52"}],"collection":[{"href":"http:\/\/www.detmolderkirchen.de\/index.php?rest_route=\/wp\/v2\/pages"}],"about":[{"href":"http:\/\/www.detmolderkirchen.de\/index.php?rest_route=\/wp\/v2\/types\/page"}],"author":[{"embeddable":true,"href":"http:\/\/www.detmolderkirchen.de\/index.php?rest_route=\/wp\/v2\/users\/1"}],"replies":[{"embeddable":true,"href":"http:\/\/www.detmolderkirchen.de\/index.php?rest_route=%2Fwp%2Fv2%2Fcomments&post=52"}],"version-history":[{"count":17,"href":"http:\/\/www.detmolderkirchen.de\/index.php?rest_route=\/wp\/v2\/pages\/52\/revisions"}],"predecessor-version":[{"id":217,"href":"http:\/\/www.detmolderkirchen.de\/index.php?rest_route=\/wp\/v2\/pages\/52\/revisions\/217"}],"up":[{"embeddable":true,"href":"http:\/\/www.detmolderkirchen.de\/index.php?rest_route=\/wp\/v2\/pages\/9"}],"wp:attachment":[{"href":"http:\/\/www.detmolderkirchen.de\/index.php?rest_route=%2Fwp%2Fv2%2Fmedia&parent=52"}],"curies":[{"name":"wp","href":"https:\/\/api.w.org\/{rel}","templated":true}]}}