{"id":139,"date":"2021-02-02T08:59:17","date_gmt":"2021-02-02T08:59:17","guid":{"rendered":"http:\/\/www.detmolderkirchen.de\/?page_id=139"},"modified":"2021-02-02T09:01:42","modified_gmt":"2021-02-02T09:01:42","slug":"evangelisch-methodistische-kirche","status":"publish","type":"page","link":"http:\/\/www.detmolderkirchen.de\/?page_id=139","title":{"rendered":"Evangelisch-methodistische Kirche"},"content":{"rendered":"<p>Seit \u00fcber hundert Jahren trifft sich in der Immanuelkirche die Gemeinde der Evangelisch-methodistischen Kirche in Detmold. Sie feiert gerne lebendige Gottesdienste miteinander \u2013\u00a0 Sonntags um 09:30 Uhr \u2013 und trifft sich unter der Woche in verschiedenen Gemeindegruppen. \u00dcber G\u00e4ste, die einfach mal reinschauen sind herzlich willkommen.<\/p>\n<p>Zu ihrem Selbstverst\u00e4ndnis sagt die Gemeinde in Detmold: <i>\u201eDass Gott den Menschen in unserer Stadt nicht fern, sondern nahe ist, dass er mit ihnen sein, eine Beziehung zu ihnen leben und ihnen dienen will \u2013 davon sind wir in Detmold auch heute fest \u00fcberzeugt. Weil Gott mit den Menschen ist, darum wollen auch wir den Menschen in der Stadt dienen, und darum soll auch unsere Immanuelkirche ihnen dienen. Sie soll eine Kirche f\u00fcr die Menschen sein \u2013 mitten in der Stadt f\u00fcr die Menschen in der Stadt. Nur so, denken wir, wird sie ihrem Namen gerecht.\u00a0 Deshalb haben wir begonnen, die Immanuelkirche regelm\u00e4\u00dfig auch unter der Woche zu \u00f6ffnen. Ein Raum der Stille f\u00fcr die Menschen in der Stadt soll sie sein. Ein Ort zum Ausruhen, Beten, Meditieren und Nachdenken. Ein Platz an dem sie zur Ruhe kommen k\u00f6nnen, damit sie die Erfahrung machen: Ja, Gott ist mit uns \u2013 Immanuel.\u201c<\/i><\/p>\n<hr \/>\n<p><b><a href=\"http:\/\/www.detmolderkirchen.de\/wp-content\/uploads\/2021\/02\/20180411-111230-0862_emk_detmold-1.jpg\"><img decoding=\"async\" loading=\"lazy\" class=\"alignleft size-thumbnail wp-image-140\" src=\"http:\/\/www.detmolderkirchen.de\/wp-content\/uploads\/2021\/02\/20180411-111230-0862_emk_detmold-1-150x150.jpg\" alt=\"20180411-111230-0862_emk_detmold-1\" width=\"150\" height=\"150\" \/><\/a>Kontaktdaten:<\/b><\/p>\n<p>Evangelisch-methodistische Kirche, Immanuelkirche Detmold<br \/>\nM\u00fchlenstra\u00dfe 16<br \/>\n32756 Detmold<br \/>\n<a href=\"http:\/\/www.detmold@emk.de\" target=\"_blank\">www.emk-detmold.de<\/a><\/p>\n<p><a href=\"http:\/\/detmold@emk.de%20\" target=\"_blank\">\u00a0<\/a><\/p>\n<p>Pastor G\u00fcnter Loos<br \/>\n05231\/23297<br \/>\n<a href=\"mailto:%20detmold@emk.de \" target=\"_blank\">Mailadresse<\/a><\/p>\n","protected":false},"excerpt":{"rendered":"<p>Seit \u00fcber hundert Jahren trifft sich in der Immanuelkirche die Gemeinde der Evangelisch-methodistischen Kirche in Detmold. Sie feiert gerne lebendige Gottesdienste miteinander \u2013\u00a0 Sonntags um 09:30 Uhr \u2013 und trifft sich unter der Woche in verschiedenen Gemeindegruppen. \u00dcber G\u00e4ste, die einfach mal reinschauen sind herzlich willkommen. Zu ihrem Selbstverst\u00e4ndnis sagt die Gemeinde in Detmold: \u201eDass [&hellip;]<\/p>\n","protected":false},"author":1,"featured_media":0,"parent":9,"menu_order":0,"comment_status":"closed","ping_status":"closed","template":"","meta":[],"_links":{"self":[{"href":"http:\/\/www.detmolderkirchen.de\/index.php?rest_route=\/wp\/v2\/pages\/139"}],"collection":[{"href":"http:\/\/www.detmolderkirchen.de\/index.php?rest_route=\/wp\/v2\/pages"}],"about":[{"href":"http:\/\/www.detmolderkirchen.de\/index.php?rest_route=\/wp\/v2\/types\/page"}],"author":[{"embeddable":true,"href":"http:\/\/www.detmolderkirchen.de\/index.php?rest_route=\/wp\/v2\/users\/1"}],"replies":[{"embeddable":true,"href":"http:\/\/www.detmolderkirchen.de\/index.php?rest_route=%2Fwp%2Fv2%2Fcomments&post=139"}],"version-history":[{"count":3,"href":"http:\/\/www.detmolderkirchen.de\/index.php?rest_route=\/wp\/v2\/pages\/139\/revisions"}],"predecessor-version":[{"id":143,"href":"http:\/\/www.detmolderkirchen.de\/index.php?rest_route=\/wp\/v2\/pages\/139\/revisions\/143"}],"up":[{"embeddable":true,"href":"http:\/\/www.detmolderkirchen.de\/index.php?rest_route=\/wp\/v2\/pages\/9"}],"wp:attachment":[{"href":"http:\/\/www.detmolderkirchen.de\/index.php?rest_route=%2Fwp%2Fv2%2Fmedia&parent=139"}],"curies":[{"name":"wp","href":"https:\/\/api.w.org\/{rel}","templated":true}]}}